{"id":153,"date":"2021-11-05T17:01:02","date_gmt":"2021-11-05T17:01:02","guid":{"rendered":"http:\/\/quadratmeter.at\/?page_id=153"},"modified":"2026-03-31T13:13:56","modified_gmt":"2026-03-31T13:13:56","slug":"datenschutzerklaerung","status":"publish","type":"page","link":"https:\/\/quadratmeter.at\/en\/datenschutzerklaerung\/","title":{"rendered":"Data privacy"},"content":{"rendered":"\t\t<div data-elementor-type=\"wp-page\" data-elementor-id=\"153\" class=\"elementor elementor-153\">\n\t\t\t\t\t\t<section class=\"elementor-section elementor-top-section elementor-element elementor-element-4e759aed elementor-section-boxed elementor-section-height-default elementor-section-height-default\" data-id=\"4e759aed\" data-element_type=\"section\" data-e-type=\"section\">\n\t\t\t\t\t\t<div class=\"elementor-container elementor-column-gap-default\">\n\t\t\t\t\t<div class=\"elementor-column elementor-col-100 elementor-top-column elementor-element elementor-element-cc03da8\" data-id=\"cc03da8\" data-element_type=\"column\" data-e-type=\"column\">\n\t\t\t<div class=\"elementor-widget-wrap elementor-element-populated\">\n\t\t\t\t\t\t<div class=\"elementor-element elementor-element-386fda82 elementor-widget elementor-widget-text-editor\" data-id=\"386fda82\" data-element_type=\"widget\" data-e-type=\"widget\" data-widget_type=\"text-editor.default\">\n\t\t\t\t<div class=\"elementor-widget-container\">\n\t\t\t\t\t\t\t\t\t\n<p><\/p>\n\n\n\n<p>Allgemeines<\/p>\n\n\n\n<p>Personenbezogene Daten, sind Daten, die die Identifizierung einer Person zulassen. Dies sind unter anderem der Name, die Adresse, das Geburtsdatum und die IP-Adresse. Der Schutz und die Sicherheit Ihrer pers\u00f6nlichen Daten sind uns sehr wichtig. Aus diesem Grund informieren wir Sie im Folgenden \u00fcber unseren Umgang mit Ihren personenbezogenen Daten, insbesondere wie und wozu wir Ihre personenbezogenen Daten erfassen und verarbeiten, an wen wir diese \u00fcbermitteln und welche Anspr\u00fcche und Rechte Betroffene haben. Wir sind bereits aufgrund unserer beruflichen Verschwiegenheit zur Vertraulichkeit verpflichtet und beachten daher besonders auch die Rechtsvorschriften zur Datensicherheit, insbesondere das \u00f6sterreichische Datenschutzgesetz (\u201eDSG\u201c), die EU-Datenschutz-Grundverordnung (\u201eDSGVO\u201c) und das Telekommunikationsgesetz (\u201eTKG\u201c).<\/p>\n\n\n\n<p>F\u00fcr die Datenverarbeitung verantwortlich<\/p>\n\n\n\n<p>Quadratmeter Consulting GmbH<\/p>\n\n\n\n<p>Ansprechpartner Mag. Christian Sommer<\/p>\n\n\n\n<p>Opernring 1\/R\/345<\/p>\n\n\n\n<p>1010 Wien, \u00d6sterreich<\/p>\n\n\n\n<p>Telefon: + 43 1&nbsp;961 4000<\/p>\n\n\n\n<p>E-Mail: office@quadratmeter.at<\/p>\n\n\n\n<p>Adressaten dieser Erkl\u00e4rung, welche Daten werden wie und wof\u00fcr erfasst?<\/p>\n\n\n\n<p>Diese Datenschutzerkl\u00e4rung richtet sich gleicherma\u00dfen an Mandanten, Interessenten (Newsletter-Empf\u00e4nger), Gesch\u00e4ftspartner, Bewerber und Website-Besucher (www.quadratmeter.at). Sollten im Zusammenhang mit diesen Datenschutzbestimmungen Fragen auftreten, senden Sie uns bitte ein E-Mail an folgende Adresse: office@quadratmeter.at. Die Erfassung und Verarbeitung von Daten erfolgen auf unterschiedliche Weise und zu unterschiedlichen Zwecken, je nachdem, ob es sich um Kunden, Interessenten\/Newsletter-Empf\u00e4nger, Gesch\u00e4ftspartner, Bewerber oder Website-Besucher handelt.<\/p>\n\n\n\n<p>Datenverarbeitung bei Kunden<\/p>\n\n\n\n<p>F\u00fcr die Durchf\u00fchrung und Abwicklung unserer anwaltlichen Leistungen erfassen und speichern wir jene personenbezogenen Daten, die Sie uns freiwillig zur Verf\u00fcgung gestellt haben, etwa Name, Anschrift, E-Mail, Telefonnummer, Geburtsdatum, Geschlecht, SV-Nummer, Steuernummer, Bankverbindung, Kontonummer, Fotos, Gesundheitsdaten und allenfalls auch biometrische Daten. Wir verarbeiten Ihre personenbezogenen Daten zur Erf\u00fcllung unserer vertraglichen Pflichten im Rahmen des Kundenverh\u00e4ltnisses, zur Erf\u00fcllung sonstiger rechtlicher Verpflichtungen, und\/oder aufgrund berechtigter Interessen (insbesondere Verwendung zu Werbezwecken), sofern nicht Ihre Interessen an der Geheimhaltung \u00fcberwiegen.<\/p>\n\n\n\n<p>Datenverarbeitung bei Interessenten\/Newsletter-Empf\u00e4ngern<\/p>\n\n\n\n<p>Von Interessenten, die unseren Newsletter zugesandt haben m\u00f6chten, erfassen wir die f\u00fcr die Abwicklung der \u00dcbermittlung erforderlichen personenbezogenen Daten. Sofern Sie der \u00dcbermittlung des Newsletters mittels E-Mail oder durch unser Newsletter-Tool zugestimmt haben, erfassen wir folgende personenbezogene Daten: Name, akademischer Grad, E-Mail, Firma, Abteilung, Position und geografische Position. Zweck der Erfassung der Daten ist die Zusendung des Newsletters und die \u00dcbermittlung weiterer Informationen \u00fcber Produkte, Dienstleistungen, Veranstaltungen im Rahmen des Eigenmarketings. Interessenten und Newsletter-Empf\u00e4nger k\u00f6nnen sich sowohl auf unserer Website www.quadratmeter.at vom weiteren Bezug abmelden, wie auch \u00fcber den mit dem E-Mail-Newsletter \u00fcbermittelten Link.<\/p>\n\n\n\n<p>Datenverarbeitung bei Gesch\u00e4ftspartnern<\/p>\n\n\n\n<p>Im Rahmen der Abwicklung von Gesch\u00e4ften mit Lieferanten, Dienstleistern und sonstigen Gesch\u00e4ftspartnern, erfassen und speichern wir die zur Abwicklung des Gesch\u00e4ftes erforderlichen personenbezogenen Daten. Dies sind unter anderem der Name, Geburtsdatum, Adresse, Telefonnummer, Sozialversicherungs-Nummer, Steuernummer, UID sowie die Firmenbuchnummer. Die Verarbeitung der Daten erfolgt zur Erf\u00fcllung unserer vertraglichen Verpflichtung, zur Erf\u00fcllung damit im Zusammenhang stehender rechtlicher Vorgaben (F\u00fchrung einer ordnungsgem\u00e4\u00dfen Buchhaltung) und zur Wahrung berechtigter Interessen (z.B. im Rahmen eines Rechtsstreits).<\/p>\n\n\n\n<p>Datenverarbeitung bei Bewerbern<\/p>\n\n\n\n<p>Von Bewerbern um eine Stelle bei der Quadratmeter Consulting GmbH, die sich schriftlich oder \u00fcber die direkte M\u00f6glichkeit auf unserer Website bewerben, erfassen wir die von diesen zur Verf\u00fcgung gestellten personenbezogenen Daten, die f\u00fcr die Abwicklung des Bewerbungsprozesses erforderlich sind. Zu diesem Zweck erfassen wir den Namen, Ausbildungsweg, akademischen Grad, Adresse, Telefonnummer, Geburtsdatum, Sozialversicherungsnummer, Geburtsort, Staatsangeh\u00f6rigkeit, Sprachkenntnisse, Hobbys und allf\u00e4llige Zusatzqualifikationen. Falls Sie einer Evidenzhaltung Ihrer Daten zugestimmt haben, werden diese bis maximal 3 Jahre gespeichert, Sie k\u00f6nnen Ihre Einwilligung zur Evidenzhaltung jedoch jederzeit ausdr\u00fccklich widerrufen.<\/p>\n\n\n\n<p>Datenverarbeitung bei Website-Besuchern<\/p>\n\n\n\n<p>Im Zuge der Nutzung unserer Website (www.quadratmeter.at) erheben, erfassen und speichern wir die IP-Adresse und den IP-Standort, die Referrer-URL (die zuvor und anschlie\u00dfend besuchte Internetseite), die Anzahl, Dauer und Zeit der Aufrufe (Ihre Interaktion mit der Website) sowie die Sprache, die Art der Suchmaschine und die Schl\u00fcsselw\u00f6rter, die Sie benutzt haben, um uns zu finden. Dar\u00fcber hinaus verwenden wir Cookies, unter anderem von Google Analytics, sofern Sie dazu bei der Nutzung unserer Website Ihre Einwilligung erteilt haben. Cookies sind kleine Textdateien die auf Ihrem Rechner vor\u00fcbergehend abgelegt werden und die Ihr Browser speichert. Die meisten der von uns verwendeten Cookies sind so genannte &#8222;Session-Cookies&#8220;. Sie werden nach Ende Ihres Besuchs automatisch gel\u00f6scht und nicht dauerhaft auf Ihrem Endger\u00e4t gespeichert. Andere Cookies werden auf Ihrem Endger\u00e4t gespeichert, bis Sie diese l\u00f6schen (Permanente Cookies). Diese Cookies erm\u00f6glichen es uns, Ihren Browser bei Ihrem n\u00e4chsten Besuch wiederzuerkennen. Die von Google Analytics erfassten Informationen (IP-Adresse, Browser- &amp; Ger\u00e4tetyp, Betriebssystem, Aufl\u00f6sung, Land, Sprache, Serviceprovider, besuchte Seiten und Verweildauer) werden in der Regel auf einen Server von Google Inc. (1600 AMphiteatre Parkway, Mountain View, CA 94043, USA) in den USA oder in einen anderen Staat au\u00dferhalb der EU \u00fcbertragen und gespeichert. In unsere Website sind Social Media Plugins eingebunden, um Artikel in sozialen Netzwerken, beispielsweise Facebook, Instagramm, Twitter, Xing, LinkedIn etc. empfehlen und teilen zu k\u00f6nnen. Daten an Dritte werden erst \u00fcbertragen, wenn Website-Besucher auf eines der in der Social Media Liste angezeigten Icons klicken. Wir haben dabei weder Einfluss auf Cookies, die von sozialen Netzwerken gesetzt werden, noch haben wir Zugriff darauf. Die Erfassung und Verarbeitung der personenbezogenen Daten erfolgen zu Sicherung des Betriebs sowie zur Analyse und Verbesserung des Werbeauftritts. Sie k\u00f6nnen das Setzen von Cookies und die \u00dcbermittlung von Werbung durch Google Inc. auch \u00fcber die Einstellung Ihres Browsers adaptieren oder sich unter https:\/\/tools.google\/dlpage\/gaoptout ein entsprechendes Plugin herunterladen.<\/p>\n\n\n\n<p>Datenverarbeitung bei Besuchern der B\u00fcror\u00e4umlichkeiten<\/p>\n\n\n\n<p>Wir verarbeiten Ihre Daten auch zum Zweck des Eigenschutzes (Schutz des Eigentums sowie Mitarbeiterschutz und Wahrnehmung von Verkehrssicherungspflichten) sowie zum Zweck der Verhinderung und Aufkl\u00e4rung strafrechtlich relevanten Verhaltens in Form einer verschl\u00fcsselten Video\u00fcberwachung. Die Auswertung der Daten erfolgt ausschlie\u00dflich f\u00fcr diese Zwecke. Die Daten werden bis zu 72 Stunden gespeichert, eine l\u00e4ngere Speicherung erfolgt nur im Anlassfall f\u00fcr die Dauer der Abwicklung des Verfahrens. Ihre Daten werden nicht an Empf\u00e4nger weitergegeben, die mit diesen Daten eigene Zwecke verfolgen, sondern nur an zust\u00e4ndige Beh\u00f6rden und Gerichte (aus Gr\u00fcnden der Beweissicherung oder zur Durchsetzung von Anspr\u00fcchen), an Versicherungen (zur Abwicklung von Versicherungsf\u00e4llen) und an Rechtsanw\u00e4lte und sonstige Stellen zum Zwecke der Rechtsdurchsetzung. Eine \u00dcbermittlung an Empf\u00e4nger in einem Drittland oder an eine internationale Organisation ist nicht vorgesehen. Ungeachtet der Ihnen zustehenden Betroffenenrechte (vgl. Punkt 3. Betroffenenrechte) ist darauf hinzuweisen, dass hier kein Recht auf Daten\u00fcbertragbarkeit besteht.<\/p>\n\n\n\n<p>Wie lange werden personenbezogene Daten gespeichert?<\/p>\n\n\n\n<p>Wir speichern personenbezogene Daten nur so lange, wie wir diese f\u00fcr die Erf\u00fcllung der oben dargestellten Zwecke und zur Erf\u00fcllung unserer vertraglichen bzw. gesetzlichen Verpflichtungen ben\u00f6tigen. Die Aufbewahrung der Daten erfolgt auch zu Beweismittelzwecken unter Ber\u00fccksichtigung der Verj\u00e4hrungsfristen bzw. solange eine Inanspruchnahme (Haftung) von uns m\u00f6glich ist.<\/p>\n\n\n\n<p>Datensicherheit und Weitergabe von Daten an Dritte (\u00dcbermittlung)<\/p>\n\n\n\n<p>Wir haben dem Stand der Technik entsprechende organisatorische und technische Vorkehrungen getroffen, um den Schutz Ihrer personenbezogenen Daten zu gew\u00e4hrleisten (Schutz gegen missbr\u00e4uchliche Verwendung sowohl von innen als auch von au\u00dfen (etwa durch Firewalls, Verschl\u00fcsselungen, Zugriffsberechtigungen, etc.). Es kann jedoch nicht ausgeschlossen werden, dass durch von uns nicht verursachte Fehler bei der Daten\u00fcbertragung oder auch unautorisiertem Zugriff durch Dritte (Hacker, etc.) Informationen von anderen Personen eingesehen oder genutzt werden. Daf\u00fcr \u00fcbernehmen wir keine Haftung, sofern diese missbr\u00e4uchliche Verwendung nicht von uns schuldhaft verursacht wurde. Grunds\u00e4tzlich stellen wir Ihre personenbezogenen Daten dritten Parteien nicht zur Verf\u00fcgung. Allerdings kann es zur Erf\u00fcllung Ihres Auftrages oder aus gesetzlichen Gr\u00fcnden erforderlich sein, Ihre Daten an vertrauensw\u00fcrdige Dritte weiterzuleiten. Dies k\u00f6nnen Gerichte oder Beh\u00f6rden oder sonstige beteiligte Dritte (auch Steuerberater, Banken, IT-Dienstleister, Auftragsverarbeiter, die f\u00fcr uns t\u00e4tig sind) sein. In diesem Fall erfolgt die Weitergabe Ihrer Daten ausschlie\u00dflich auf Grundlage des DSGVO (aufgrund der von Ihnen erteilten Einwilligung, zum Zwecke der Erf\u00fcllung eines Vertrages oder der Erf\u00fcllung einer rechtlichen Verpflichtung, etc.).<\/p>\n\n\n\n<p>Welche Rechte haben Betroffene<\/p>\n\n\n\n<p>Sie haben das Recht auf Auskunft \u00fcber ihre gespeicherten, personenbezogenen Daten, deren Herkunft und Empf\u00e4nger und den Zweck der Datenverarbeitung, sowie ein Recht auf Berichtigung, Widerspruch, Daten\u00fcbertragung, Einschr\u00e4nkung der Bearbeitung sowie Sperrung oder L\u00f6schung unrichtiger\/unzul\u00e4ssig verarbeiteter Daten. Sie haben auch das Recht, eine allenfalls erteilte Einwilligung zur Nutzung Ihrer personenbezogenen Daten jederzeit zu widerrufen. Zur Geltendmachung der Ihnen zustehenden Betroffenenrechte (Auskunft, L\u00f6schung, Berichtigung, Widerspruch und\/oder Daten\u00fcbertragung [Sofern im Fall der Daten\u00fcbertragung nicht ein unverh\u00e4ltnism\u00e4\u00dfiger Aufwand verursacht wird]) wenden Sie sich bitte mittels E-Mail an office@quadratmeter.at. Sofern Sie der Auffassung sind, dass die Verarbeitung Ihrer personenbezogenen Daten durch uns gegen das geltende Datenschutzrecht verst\u00f6\u00dft oder Ihre datenschutzrechtlichen Anspr\u00fcche in einer anderen Weise verletzt worden sind, haben Sie die M\u00f6glichkeit sich bei der zust\u00e4ndigen Aufsichtsbeh\u00f6rde beschweren. Die zust\u00e4ndige Aufsichtsbeh\u00f6rde ist die \u00d6sterreichische Datenschutzbeh\u00f6rde, Barichgasse 40-42, 1030 Wien, E-Mail: dsp@dsb.gv.at.<\/p>\n\t\t\t\t\t\t\t\t<\/div>\n\t\t\t\t<\/div>\n\t\t\t\t\t<\/div>\n\t\t<\/div>\n\t\t\t\t\t<\/div>\n\t\t<\/section>\n\t\t\t\t<\/div>\n\t\t","protected":false},"excerpt":{"rendered":"<p>Allgemeines Personenbezogene Daten, sind Daten, die die Identifizierung einer Person zulassen. Dies sind unter anderem der Name, die Adresse, das Geburtsdatum und die IP-Adresse. Der Schutz und die Sicherheit Ihrer pers\u00f6nlichen Daten sind uns sehr wichtig. Aus diesem Grund informieren wir Sie im Folgenden \u00fcber unseren Umgang mit Ihren personenbezogenen Daten, insbesondere wie und wozu [&hellip;]<\/p>\n","protected":false},"author":1,"featured_media":0,"parent":0,"menu_order":0,"comment_status":"closed","ping_status":"closed","template":"","meta":{"site-sidebar-layout":"default","site-content-layout":"","ast-site-content-layout":"default","site-content-style":"default","site-sidebar-style":"default","ast-global-header-display":"","ast-banner-title-visibility":"","ast-main-header-display":"","ast-hfb-above-header-display":"","ast-hfb-below-header-display":"","ast-hfb-mobile-header-display":"","site-post-title":"","ast-breadcrumbs-content":"","ast-featured-img":"","footer-sml-layout":"","ast-disable-related-posts":"","theme-transparent-header-meta":"","adv-header-id-meta":"","stick-header-meta":"","header-above-stick-meta":"","header-main-stick-meta":"","header-below-stick-meta":"","astra-migrate-meta-layouts":"default","ast-page-background-enabled":"default","ast-page-background-meta":{"desktop":{"background-color":"var(--ast-global-color-4)","background-image":"","background-repeat":"repeat","background-position":"center center","background-size":"auto","background-attachment":"scroll","background-type":"","background-media":"","overlay-type":"","overlay-color":"","overlay-opacity":"","overlay-gradient":""},"tablet":{"background-color":"","background-image":"","background-repeat":"repeat","background-position":"center center","background-size":"auto","background-attachment":"scroll","background-type":"","background-media":"","overlay-type":"","overlay-color":"","overlay-opacity":"","overlay-gradient":""},"mobile":{"background-color":"","background-image":"","background-repeat":"repeat","background-position":"center center","background-size":"auto","background-attachment":"scroll","background-type":"","background-media":"","overlay-type":"","overlay-color":"","overlay-opacity":"","overlay-gradient":""}},"ast-content-background-meta":{"desktop":{"background-color":"var(--ast-global-color-5)","background-image":"","background-repeat":"repeat","background-position":"center center","background-size":"auto","background-attachment":"scroll","background-type":"","background-media":"","overlay-type":"","overlay-color":"","overlay-opacity":"","overlay-gradient":""},"tablet":{"background-color":"var(--ast-global-color-5)","background-image":"","background-repeat":"repeat","background-position":"center center","background-size":"auto","background-attachment":"scroll","background-type":"","background-media":"","overlay-type":"","overlay-color":"","overlay-opacity":"","overlay-gradient":""},"mobile":{"background-color":"var(--ast-global-color-5)","background-image":"","background-repeat":"repeat","background-position":"center center","background-size":"auto","background-attachment":"scroll","background-type":"","background-media":"","overlay-type":"","overlay-color":"","overlay-opacity":"","overlay-gradient":""}},"footnotes":""},"class_list":["post-153","page","type-page","status-publish","hentry"],"_links":{"self":[{"href":"https:\/\/quadratmeter.at\/en\/wp-json\/wp\/v2\/pages\/153","targetHints":{"allow":["GET"]}}],"collection":[{"href":"https:\/\/quadratmeter.at\/en\/wp-json\/wp\/v2\/pages"}],"about":[{"href":"https:\/\/quadratmeter.at\/en\/wp-json\/wp\/v2\/types\/page"}],"author":[{"embeddable":true,"href":"https:\/\/quadratmeter.at\/en\/wp-json\/wp\/v2\/users\/1"}],"replies":[{"embeddable":true,"href":"https:\/\/quadratmeter.at\/en\/wp-json\/wp\/v2\/comments?post=153"}],"version-history":[{"count":4,"href":"https:\/\/quadratmeter.at\/en\/wp-json\/wp\/v2\/pages\/153\/revisions"}],"predecessor-version":[{"id":507,"href":"https:\/\/quadratmeter.at\/en\/wp-json\/wp\/v2\/pages\/153\/revisions\/507"}],"wp:attachment":[{"href":"https:\/\/quadratmeter.at\/en\/wp-json\/wp\/v2\/media?parent=153"}],"curies":[{"name":"wp","href":"https:\/\/api.w.org\/{rel}","templated":true}]}}